{"id":2735,"date":"2018-08-21T08:02:12","date_gmt":"2018-08-21T07:02:12","guid":{"rendered":"http:\/\/optimumplus.nl\/?page_id=2735"},"modified":"2018-08-23T11:08:19","modified_gmt":"2018-08-23T10:08:19","slug":"bouwconcept","status":"publish","type":"page","link":"https:\/\/optimumplus.nl\/?page_id=2735","title":{"rendered":"Bouwconcept"},"content":{"rendered":"<h1>DE VOORDELEN VAN PREFAB MET<br \/>\nDE FLEXIBILEIT VAN MAATWERK<\/h1>\n<p>&nbsp;<\/p>\n<p><strong>Het woningconcept van Optimum Plus is een innovatief bouwproces waarmee seriematige duurzame woningen slimmer, sneller gebouwd kunnen worden. Met het Optimum Plus woonconcept profiteert u als opdrachtgever van de voordelen van systeemdenken met de flexibiliteit van de maatwerkmogelijkheden in de uitvoering.<\/strong><\/p>\n<p><div class='content-column one_half'><p>De vraag naar hoogwaardige woningen tegen betaalbare bouwkosten neemt toe. Daarnaast wordt de individualisering van woningen steeds noodzakelijker om aan de specifieke wensen van de woonconsument en marktpartijen te kunnen voldoen. Vanuit dit perspectief hebben wij het Optimum Plus woningconcept ontwikkeld. Dit is een combinatie systeemdenken, gecombineerd met vele maatwerkmogelijkheden waarmee woningprojecten kunnen worden vormgegeven en kunnen worden uitgevoerd.<\/p>\n<p>E\u00e9n professionele contractpartner met alle specialismen<br \/>\nWerken met Optimum Plus betekent dat u werkt met \u00e9\u00e9n contractpartner voor ontwerpen en bouwen. E\u00e9n aanspreekpunt met alle benodigde specialisten in huis. Het resultaat is kortere lijnen, minder stagnatie en een efficienter bouwproces.<\/p>\n<p><strong>Ontwerpen<\/strong><br \/>\nHet architectenteam van Optimum Plus kan samen met u ontwerpen realiseren die passen binnen de mogelijkheden van het woningconcept. Oplossingen die aansluiten bij uw wensen, uw doelgroep, de locatie en uiteraard bij uw budget.<\/p><\/div><\/p>\n<p><div class='content-column one_half last_column'><p><strong>Realisatie<\/strong><br \/>\nWij zijn bouwers pur sang. Het leveren van kwalitatief hoogwaardige woningen zit in onze genen. Het gehele bouwproces wordt door onze eigen vakmensen en co-makers uitgevoerd. Mensen die we zelf hebben opgeleid, specialisten die begrijpen welke normen wij stellen aan het eindresultaat.<\/p>\n<p><strong>Onderhouden<\/strong><br \/>\nHet onderhoudsmanagement van Optimum Plus is een interessante optie voor de woningen die wij voor uw vastgoedportefeuille realiseren. Wij kunnen deze dienstverlening op maat met u afstemmen en exact zo uitvoeren zoals u dat wenst. Maatwerk in onderhoud noemen wij dat. Wij bespreken graag met u uw wensen.<\/p>\n<p><strong>Voor nieuwbouw<\/strong><br \/>\nDe conceptuele aanpak van Optimum Plus is uitstekend toepasbaar bij nieuwbouwprojecten, maar ook bij de seriematige uitvoering van verbouw- en renovatieprojecten waarbij we de bouwtijd en daarmee de overlast voor bewoners tot kunnen reduceren. Een aangename bijkomstigheid van onze effici\u00ebnte procesaanpak.<\/p><\/div><div class='clear_column'><\/div><\/p>\n","protected":false},"excerpt":{"rendered":"<p>DE VOORDELEN VAN PREFAB MET DE FLEXIBILEIT VAN MAATWERK &nbsp; Het woningconcept van Optimum Plus is een innovatief bouwproces waarmee seriematige duurzame woningen slimmer, sneller gebouwd kunnen worden. Met het Optimum Plus woonconcept profiteert u als opdrachtgever van de voordelen van systeemdenken met de flexibiliteit van de maatwerkmogelijkheden in de uitvoering.<\/p>\n","protected":false},"author":1,"featured_media":2737,"parent":0,"menu_order":0,"comment_status":"closed","ping_status":"closed","template":"bouwconcept.php","meta":[],"acf":[],"_links":{"self":[{"href":"https:\/\/optimumplus.nl\/index.php?rest_route=\/wp\/v2\/pages\/2735"}],"collection":[{"href":"https:\/\/optimumplus.nl\/index.php?rest_route=\/wp\/v2\/pages"}],"about":[{"href":"https:\/\/optimumplus.nl\/index.php?rest_route=\/wp\/v2\/types\/page"}],"author":[{"embeddable":true,"href":"https:\/\/optimumplus.nl\/index.php?rest_route=\/wp\/v2\/users\/1"}],"replies":[{"embeddable":true,"href":"https:\/\/optimumplus.nl\/index.php?rest_route=%2Fwp%2Fv2%2Fcomments&post=2735"}],"version-history":[{"count":0,"href":"https:\/\/optimumplus.nl\/index.php?rest_route=\/wp\/v2\/pages\/2735\/revisions"}],"wp:featuredmedia":[{"embeddable":true,"href":"https:\/\/optimumplus.nl\/index.php?rest_route=\/wp\/v2\/media\/2737"}],"wp:attachment":[{"href":"https:\/\/optimumplus.nl\/index.php?rest_route=%2Fwp%2Fv2%2Fmedia&parent=2735"}],"curies":[{"name":"wp","href":"https:\/\/api.w.org\/{rel}","templated":true}]}}